{"id":325,"date":"2023-10-03T15:49:47","date_gmt":"2023-10-03T15:49:47","guid":{"rendered":"https:\/\/liberalarts.austincc.edu\/wola\/?page_id=325"},"modified":"2023-10-03T15:49:47","modified_gmt":"2023-10-03T15:49:47","slug":"espanol-iii","status":"publish","type":"page","link":"https:\/\/liberalarts.austincc.edu\/wola\/espanol-iii\/","title":{"rendered":"SPANISH III FOR SPANISH SPEAKERS (2313)"},"content":{"rendered":"<h2><strong>Descripci\u00f3n del curso:<\/strong><\/h2>\n<p>Este curso est\u00e1 dise\u00f1ado para los estudiantes que pueden comunicarse en espa\u00f1ol por haber vivido entre hispanohablantes, pero todav\u00eda necesitan entrenamiento formal para mejorar su competencia en espa\u00f1ol. El \u00e9nfasis de este curso es aumentar la comprensi\u00f3n auditiva y las habilidades de lectura, escritura y de expresi\u00f3n oral en un contexto cultural. Este curso se ense\u00f1a completamente en espa\u00f1ol.<\/p>\n<h2><strong>Aviso:<\/strong><\/h2>\n<p>Este curso es equivalente a SPAN 2311. No se podr\u00e1 dar cr\u00e9dito de SPAN 2313 y 2311 a la misma vez, ni recibir cr\u00e9dito autom\u00e1tico de SPAN 1411 y 1412. Si necesita cr\u00e9dito de SPAN 1411 y 1412*, puede tomar esos cursos o recibir cr\u00e9dito por examen. Para obtener informaci\u00f3n sobre el cr\u00e9dito por examen, ve a:\u00a0<a href=\"https:\/\/sites.austincc.edu\/fola\/credit-by-exam\/\">https:\/\/sites.austincc.edu\/fola\/credit-by-exam\/<\/a>.<\/p>\n<p>* El Departamento de Espa\u00f1ol en ACC ofrece ex\u00e1menes para la acreditaci\u00f3n de SPAN 1411 y 1412 para estudiantes que saben espa\u00f1ol como segunda lengua y para hispanohablantes. Si usted es hispanohablante, se recomienda que tome\u00a0<i>SPAN 1411 and SPAN 1412 Challenge Exams for Spanish Speakers<\/i>. Tiene que pasar estos ex\u00e1menes con una \u201cA \u201d o \u201d B \u201d para recibir cr\u00e9dito universitario. Mientras est\u00e9 tomando SPAN 2313 y 2315, su profesor\/a le guiar\u00e1 para que tome el\u00a0<i>SPAN 1411 and SPAN 1412 Challenge Exams for Spanish Speakers<\/i>. Por consiguiente, usted recibir\u00e1 cr\u00e9dito por 4 semestres en s\u00f3lo 2 semestres; lo que le ahorrar\u00e1 tiempo y dinero.\u00a0<i>SPAN 1411 and SPAN 1412 Challenge Exams for Spanish Speakers<\/i>\u00a0est\u00e1n solamente disponibles para los estudiantes que cursen SPAN 2313 y 2315.<\/p>\n<h2><strong>Requisito previo:<\/strong><\/h2>\n<p>Este curso no tiene requisitos previos. Si tiene preguntas adicionales o no est\u00e1 seguro\/a que sus habilidades ling\u00fc\u00edsticas son las apropiadas para estos cursos, p\u00f3ngase en contacto con Rosa A. D\u00e1vila , 512-223-3342 ,\u00a0<a href=\"mailto:rdavila@austincc.edu\">rdavila@austincc.edu<\/a>; o Vanessa Lazo, 512-223-0071,\u00a0<a href=\"mailto:vanessa.lazo@austincc.edu\">vanessa.lazo@austincc.edu<\/a>.<\/p>\n","protected":false},"excerpt":{"rendered":"<p>Descripci\u00f3n del curso: Este curso est\u00e1 dise\u00f1ado para los estudiantes que pueden comunicarse en espa\u00f1ol por haber vivido entre hispanohablantes, pero todav\u00eda necesitan entrenamiento formal para mejorar su competencia en espa\u00f1ol. El \u00e9nfasis de este curso es aumentar la comprensi\u00f3n auditiva y las habilidades de lectura, escritura y de expresi\u00f3n oral en un contexto cultural. [&hellip;]<\/p>\n","protected":false},"author":2,"featured_media":0,"parent":0,"menu_order":0,"comment_status":"closed","ping_status":"closed","template":"","meta":{"_acf_changed":false,"footnotes":""},"class_list":["post-325","page","type-page","status-publish","hentry"],"acf":{"layouts":false,"hero_content":false,"sidekick":""},"_links":{"self":[{"href":"https:\/\/liberalarts.austincc.edu\/wola\/wp-json\/wp\/v2\/pages\/325","targetHints":{"allow":["GET"]}}],"collection":[{"href":"https:\/\/liberalarts.austincc.edu\/wola\/wp-json\/wp\/v2\/pages"}],"about":[{"href":"https:\/\/liberalarts.austincc.edu\/wola\/wp-json\/wp\/v2\/types\/page"}],"author":[{"embeddable":true,"href":"https:\/\/liberalarts.austincc.edu\/wola\/wp-json\/wp\/v2\/users\/2"}],"replies":[{"embeddable":true,"href":"https:\/\/liberalarts.austincc.edu\/wola\/wp-json\/wp\/v2\/comments?post=325"}],"version-history":[{"count":0,"href":"https:\/\/liberalarts.austincc.edu\/wola\/wp-json\/wp\/v2\/pages\/325\/revisions"}],"wp:attachment":[{"href":"https:\/\/liberalarts.austincc.edu\/wola\/wp-json\/wp\/v2\/media?parent=325"}],"curies":[{"name":"wp","href":"https:\/\/api.w.org\/{rel}","templated":true}]}}