{"id":829,"date":"2021-11-12T21:48:28","date_gmt":"2021-11-12T21:48:28","guid":{"rendered":"https:\/\/liberalarts.austincc.edu\/interdisciplinary-studies\/?page_id=829"},"modified":"2023-10-30T14:48:42","modified_gmt":"2023-10-30T14:48:42","slug":"events","status":"publish","type":"page","link":"https:\/\/liberalarts.austincc.edu\/interdisciplinary-studies\/events\/","title":{"rendered":"Events"},"content":{"rendered":"","protected":false},"excerpt":{"rendered":"","protected":false},"author":10,"featured_media":0,"parent":0,"menu_order":0,"comment_status":"closed","ping_status":"closed","template":"","meta":{"_acf_changed":false,"footnotes":""},"class_list":["post-829","page","type-page","status-publish","hentry"],"acf":{"layouts":[{"acf_fc_layout":"two_columns","heading":"","column_1":"<h1><\/h1>\n<p><a href=\"https:\/\/sites.google.com\/austincc.edu\/culturalmosaicdiadelosmuertos\/home?_gl=1*16a66np*_ga*MTQ1MzY3Njc1NS4xNjk1OTM3MDcx*_ga_WCRFYXY5XT*MTY5ODY3MjUwNS4xMTEuMS4xNjk4NjczNTgwLjYwLjAuMA..&amp;pli=1\" target=\"_blank\" rel=\"noopener\"><img loading=\"lazy\" decoding=\"async\" class=\"aligncenter\" src=\"https:\/\/lh5.googleusercontent.com\/5owzXO7MimrVsKVnOmHs501Ahi3RIZoRWwAEwTgBcvBgyA_Y_Cx43BTjEP_MA4v3AktjO_4duqFOJjbgTYwPbDdsXr9AISxLsHBs-rtPDYmn4xXnxnaDTOFU6gJ5ED1jZQ=w1280\" alt=\"Dia de los Muertos Celebration\" width=\"1280\" height=\"383\" \/><\/a><\/p>\n<h1 class=\"CjVfdc\" style=\"text-align: left\"><a href=\"https:\/\/sites.google.com\/austincc.edu\/culturalmosaicdiadelosmuertos\/home?_gl=1*16a66np*_ga*MTQ1MzY3Njc1NS4xNjk1OTM3MDcx*_ga_WCRFYXY5XT*MTY5ODY3MjUwNS4xMTEuMS4xNjk4NjczNTgwLjYwLjAuMA..&amp;pli=1\"><span class=\"puwcIf C9DxTc \">DAY OF THE DEAD AT ACC<\/span><\/a><\/h1>\n","column_2":"<section id=\"h.29c0116aa99fbf50_421\" class=\"yaqOZd lQAHbd\">\n<div class=\"mYVXT\">\n<div class=\"LS81yb VICjCf j5pSsc db35Fc\">\n<div class=\"hJDwNd-AhqUyc-uQSCkd Ft7HRd-AhqUyc-uQSCkd purZT-AhqUyc-II5mzb ZcASvf-AhqUyc-II5mzb pSzOP-AhqUyc-qWD73c Ktthjf-AhqUyc-qWD73c JNdkSc SQVYQc\">\n<div class=\"JNdkSc-SmKAyb LkDMRd\">\n<div class=\"\">\n<div class=\"oKdM2c ZZyype Kzv0Me\">\n<div id=\"h.29c0116aa99fbf50_418\" class=\"hJDwNd-AhqUyc-uQSCkd Ft7HRd-AhqUyc-uQSCkd jXK9ad D2fZ2 zu5uec OjCsFc dmUFtb wHaque g5GTcb\">\n<div class=\"jXK9ad-SmKAyb\">\n<div class=\"tyJCtd mGzaTb Depvyb baZpAe\">\n<h1 class=\"CjVfdc\"><span class=\"C9DxTc \" style=\"font-size: 16px\">D<\/span><span class=\"C9DxTc \" style=\"font-size: 16px\">\u00ed<\/span><span class=\"C9DxTc \" style=\"font-size: 16px\">a de Los Muertos or Day of the Dead (All Saints Day \/ All Souls Day) is a holiday that intersects many disciplines including history, sociology, geography, religious studies, anthropology, and more. It will be celebrated around the world through cultural and religious practices on November 1st and 2nd as a time for celebration of our ancestors who have departed.\u00a0<\/span><\/h1>\n<\/div>\n<\/div>\n<\/div>\n<\/div>\n<\/div>\n<\/div>\n<\/div>\n<\/div>\n<\/div>\n<\/section>\n<section id=\"h.2642ea6a863720cc_2\" class=\"yaqOZd qeLZfd\">\n<div class=\"mYVXT\">\n<div class=\"LS81yb VICjCf j5pSsc db35Fc\">\n<div class=\"hJDwNd-AhqUyc-qWD73c Ft7HRd-AhqUyc-qWD73c purZT-AhqUyc-II5mzb ZcASvf-AhqUyc-II5mzb pSzOP-AhqUyc-qWD73c Ktthjf-AhqUyc-qWD73c JNdkSc SQVYQc\" style=\"text-align: left\">\n<div class=\"JNdkSc-SmKAyb LkDMRd\">\n<div class=\"\">\n<div class=\"oKdM2c ZZyype Kzv0Me\">\n<div id=\"h.2642ea6a863720cc_9\" class=\"hJDwNd-AhqUyc-qWD73c Ft7HRd-AhqUyc-qWD73c jXK9ad D2fZ2 zu5uec OjCsFc dmUFtb wHaque g5GTcb\">\n<div class=\"jXK9ad-SmKAyb\">\n<div class=\"tyJCtd mGzaTb Depvyb baZpAe\">\n<p class=\"zfr3Q CDt4Ke \" dir=\"ltr\"><span class=\"C9DxTc \">This year ACC will present a Cultural Mosaic through connection, collaboration, and care (3Cs) and you are invited to celebrate <a href=\"https:\/\/sites.google.com\/austincc.edu\/culturalmosaicdiadelosmuertos\/home?_gl=1*16a66np*_ga*MTQ1MzY3Njc1NS4xNjk1OTM3MDcx*_ga_WCRFYXY5XT*MTY5ODY3MjUwNS4xMTEuMS4xNjk4NjczNTgwLjYwLjAuMA..&amp;pli=1\">D<\/a><\/span><span class=\"C9DxTc \">\u00ed<\/span><span class=\"C9DxTc \">a de los Muertos \/ Day of the Dead across different ACC campuses and online.<\/span><\/p>\n<\/div>\n<\/div>\n<\/div>\n<\/div>\n<\/div>\n<\/div>\n<\/div>\n<div class=\"hJDwNd-AhqUyc-qWD73c Ft7HRd-AhqUyc-qWD73c purZT-AhqUyc-II5mzb ZcASvf-AhqUyc-II5mzb pSzOP-AhqUyc-qWD73c Ktthjf-AhqUyc-qWD73c JNdkSc SQVYQc\">\n<div class=\"JNdkSc-SmKAyb LkDMRd\">\n<div class=\"\">\n<div class=\"oKdM2c ZZyype Kzv0Me\">\n<div id=\"h.2642ea6a863720cc_16\" class=\"hJDwNd-AhqUyc-qWD73c Ft7HRd-AhqUyc-qWD73c jXK9ad D2fZ2 zu5uec OjCsFc dmUFtb wHaque g5GTcb\">\n<div class=\"jXK9ad-SmKAyb\">\n<div class=\"tyJCtd mGzaTb Depvyb baZpAe\">\n<p class=\"zfr3Q CDt4Ke \" dir=\"ltr\" style=\"text-align: left\"><span class=\"C9DxTc \">El D\u00eda de Los Muertos o en Ingl\u00e9s Day of the Dead\u00a0\u00a0<\/span><span class=\"C9DxTc \">es una celebraci\u00f3n que representa varias disciplinas curriculares como la historia, sociolog\u00eda, geograf\u00eda, estudios religiosos, antropolog\u00eda y otros. Se celebra alrededor del mundo a trav\u00e9s de la cultura y pr\u00e1cticas religiosas el 1o y 2o de Noviembre para celebrar a nuestros antepasados.\u00a0\u00a0<\/span><\/p>\n<p class=\"zfr3Q CDt4Ke \" dir=\"ltr\" style=\"text-align: left\"><span class=\"C9DxTc \">Este a<\/span><span class=\"C9DxTc \">\u00f1<\/span><span class=\"C9DxTc \">o ACC presenta un mosaico cultural a trav\u00e9s de la coneccion, colaboraci\u00f3n y cari\u00f1o (3Cs) y te invitamos a celebrar el D<\/span><span class=\"C9DxTc \">\u00ed<\/span><span class=\"C9DxTc \">a de Los Muertos \/ Day of the Dead en varios campuses y en lina.\u00a0\u00a0\u00a0<\/span><\/p>\n<p dir=\"ltr\"><small id=\"h.ouoncz6yc68c\" class=\"zfr3Q TMjjoe CDt4Ke \" dir=\"ltr\"><span class=\"KB0Tx C9DxTc \">Contacts:<\/span><\/small><br \/>\n<small id=\"h.ydxzc3nn1npr\" class=\"zfr3Q TMjjoe CDt4Ke \" dir=\"ltr\"><span class=\"gBYvFf C9DxTc \">Dr. Susan Warner-Sanchez <\/span><\/small><small id=\"h.ofwfys364su8\" class=\"zfr3Q TMjjoe CDt4Ke \" dir=\"ltr\"><span class=\"gBYvFf C9DxTc \">Associate Vice Chancellor <\/span><\/small><small id=\"h.hutbn5c9jeyx\" class=\"zfr3Q TMjjoe CDt4Ke \" dir=\"ltr\"><span class=\"gBYvFf C9DxTc \">Teaching and Learning Excellence Division<\/span><\/small><\/p>\n<p dir=\"ltr\"><small id=\"h.x4mlor606ddn\" class=\"zfr3Q TMjjoe CDt4Ke \" dir=\"ltr\"><a class=\"XqQF9c\" href=\"mailto:susan.warner-sanchez@austincc.edu\" target=\"_blank\" rel=\"noopener\"><span class=\"gBYvFf C9DxTc aw5Odc \">susan.warner-sanchez@austincc.edu<\/span><\/a><\/small><\/p>\n<p><small id=\"h.iarr9hsqz8x4\" class=\"zfr3Q TMjjoe CDt4Ke \" dir=\"ltr\"><span class=\"gBYvFf C9DxTc \">Alejandra Polcik <\/span><\/small><small id=\"h.rv9z42j08gzo\" class=\"zfr3Q TMjjoe CDt4Ke \" dir=\"ltr\"><span class=\"gBYvFf C9DxTc \">Manager of Hispanic Outreach Projects<\/span><\/small><\/p>\n<p dir=\"ltr\"><small id=\"h.5w500nyy4t24\" class=\"zfr3Q TMjjoe CDt4Ke \" dir=\"ltr\"><a class=\"XqQF9c\" href=\"mailto:amarti11@austincc.edu\" target=\"_blank\" rel=\"noopener\"><span class=\"gBYvFf C9DxTc aw5Odc \">amarti11@austincc.edu<\/span><\/a><\/small><\/p>\n<p><small id=\"h.grl5k2nqn3sb\" class=\"zfr3Q TMjjoe CDt4Ke \" dir=\"ltr\"><span class=\"gBYvFf C9DxTc \">Dr. Gary Moreno <\/span><\/small><small id=\"h.1ukff1femsmq\" class=\"zfr3Q TMjjoe CDt4Ke \" dir=\"ltr\"><span class=\"gBYvFf C9DxTc \">Director of the <a href=\"https:\/\/students.austincc.edu\/latin-american-cultural-center\/\">Latin American Cultural Center (El Centro)<\/a><\/span><\/small><\/p>\n<p dir=\"ltr\"><small id=\"h.ugi3dztkajje\" class=\"zfr3Q TMjjoe CDt4Ke \" dir=\"ltr\"><a class=\"XqQF9c\" href=\"mailto:gary.moreno@austincc.edu\" target=\"_blank\" rel=\"noopener\"><span class=\"gBYvFf C9DxTc aw5Odc \">gary.moreno@austincc.edu<\/span><\/a><\/small><\/p>\n<\/div>\n<\/div>\n<\/div>\n<\/div>\n<\/div>\n<\/div>\n<\/div>\n<\/div>\n<\/div>\n<\/section>\n","background":"Color","background_color":"#FFFFFF","background_gradient":{"gradient_start":"","gradient_end":""},"background_image":false,"text_mode":"dark","id":""},{"acf_fc_layout":"two_columns","heading":"","column_1":"<p>&nbsp;<\/p>\n<h2><strong>Cinema of Conflict and Transformation<\/strong><\/h2>\n<hr \/>\n<ul>\n<li><strong>Dawnland<\/strong>\u00a0FEBRUARY 16TH<\/li>\n<li><strong>No One Knows About Persian Cats<\/strong>\u00a0MARCH 9TH<\/li>\n<li><strong>Paris is Burning<\/strong>\u00a0APRIL 13TH<\/li>\n<\/ul>\n<p>Please note that this academic year\u2019s screenings and conversations will take place virtually.\u00a0\u00a0Screening of the films prior to\u00a0the\u00a0scheduled Zoom discussion is highly recommended.<\/p>\n<p>Please visit the event page for each of our scheduled dates to learn more about each film, how to watch, and to register for the Zoom discussions.<\/p>\n<h4><\/h4>\n<h4 style=\"text-align: left\"><strong><a class=\"button\" href=\"https:\/\/liberalarts.austincc.edu\/peace-conflict-studies\/cinema-of-conflict-transformation\/\">Learn More<\/a><\/strong><\/h4>\n","column_2":"","background":"Color","background_color":"#FFFFFF","background_gradient":{"gradient_start":"","gradient_end":""},"background_image":false,"text_mode":"dark","id":""},{"acf_fc_layout":"two_columns","heading":"","column_1":"","column_2":"","background":"Color","background_color":"#FFFFFF","background_gradient":{"gradient_start":"","gradient_end":""},"background_image":false,"text_mode":"dark","id":""}],"hero_content":false,"sidekick":""},"jetpack_sharing_enabled":true,"_links":{"self":[{"href":"https:\/\/liberalarts.austincc.edu\/interdisciplinary-studies\/wp-json\/wp\/v2\/pages\/829","targetHints":{"allow":["GET"]}}],"collection":[{"href":"https:\/\/liberalarts.austincc.edu\/interdisciplinary-studies\/wp-json\/wp\/v2\/pages"}],"about":[{"href":"https:\/\/liberalarts.austincc.edu\/interdisciplinary-studies\/wp-json\/wp\/v2\/types\/page"}],"author":[{"embeddable":true,"href":"https:\/\/liberalarts.austincc.edu\/interdisciplinary-studies\/wp-json\/wp\/v2\/users\/10"}],"replies":[{"embeddable":true,"href":"https:\/\/liberalarts.austincc.edu\/interdisciplinary-studies\/wp-json\/wp\/v2\/comments?post=829"}],"version-history":[{"count":0,"href":"https:\/\/liberalarts.austincc.edu\/interdisciplinary-studies\/wp-json\/wp\/v2\/pages\/829\/revisions"}],"wp:attachment":[{"href":"https:\/\/liberalarts.austincc.edu\/interdisciplinary-studies\/wp-json\/wp\/v2\/media?parent=829"}],"curies":[{"name":"wp","href":"https:\/\/api.w.org\/{rel}","templated":true}]}}