{"id":778,"date":"2020-08-28T23:32:39","date_gmt":"2020-08-28T23:32:39","guid":{"rendered":"https:\/\/liberalarts.austincc.edu\/esol\/?page_id=778"},"modified":"2025-08-17T22:24:01","modified_gmt":"2025-08-17T22:24:01","slug":"about-us","status":"publish","type":"page","link":"https:\/\/liberalarts.austincc.edu\/esol\/about-us\/","title":{"rendered":"Contact the ESOL Department at Austin Community College"},"content":{"rendered":"","protected":false},"excerpt":{"rendered":"","protected":false},"author":6,"featured_media":0,"parent":0,"menu_order":0,"comment_status":"closed","ping_status":"closed","template":"","meta":{"_acf_changed":false,"footnotes":""},"class_list":["post-778","page","type-page","status-publish","hentry"],"acf":{"layouts":[{"acf_fc_layout":"three_columns","heading":"","column_1":"<div style=\"background-color: #c4f1a4;color: white;padding: 1rem;text-align: center\"><a href=\"https:\/\/liberalarts.austincc.edu\/esol\/apply\/\"><strong>APPLICATION<\/strong><\/a><\/div>\n","column_2":"<div style=\"background-color: #c4f1a4;color: white;padding: 1rem;text-align: center\"><a href=\"https:\/\/liberalarts.austincc.edu\/esol\/assessment-testing-and-advising\/\"><strong>PLACEMENT TEST<\/strong><\/a><\/div>\n","column_3":"<div style=\"background-color: #c4f1a4;color: white;padding: 1rem;text-align: center\"><a href=\"https:\/\/liberalarts.austincc.edu\/esol\/registration-for-esol-classes\/\"><strong>REGISTRATION<\/strong><\/a><\/div>\n","background":"Color","background_color":"#FFFFFF","background_gradient":{"gradient_start":"","gradient_end":""},"background_image":false,"text_mode":"dark","id":""},{"acf_fc_layout":"accordion","heading":"ESOL Main Office: Faculty and Staff","accordion":[{"title":"Main Office","description":"<p><a href=\"http:\/\/austincc.edu\/highland-campus\">ACC Highland Campus<\/a><\/p>\n<p>Building 2000\u00a0 Room 2.2410<br \/>\n6101 Airport Drive<br \/>\nAustin, Texas 78752<br \/>\nEmail: <a href=\"mailto:ESOL@austincc.edu\">ESOL@austincc.edu<\/a><\/p>\n"},{"title":"Susan Das, Professor and Department Chair","description":"<p>Office: <a href=\"http:\/\/austincc.edu\/highland-campus\"><strong>Highland Campus<\/strong><\/a>, Building 2000\u00a0 Room 2.2410.12<br \/>\nPhone: 512-223-7452<br \/>\nEmail: <a href=\"mailto:sdas2@austincc.edu\">sdas2@austincc.edu<\/a><\/p>\n<p>&nbsp;<\/p>\n"},{"title":"Solange De Leon Rojas, Administrative Assistant III","description":"<p>Office: <a href=\"http:\/\/austincc.edu\/highland-campus\"><strong>Highland Campus<\/strong><\/a>, Building 2000\u00a0 Room 2.2410<br \/>\nPhone: 512-223-7451<\/p>\n"},{"title":"Spanish Language Liason","description":"<p>Office:\u00a0<a href=\"http:\/\/austincc.edu\/highland-campus\"><strong>Highland Campus<\/strong><\/a>, Building 2000\u00a0 Room 2.2410<\/p>\n<p>Para preguntas en espa\u00f1ol env\u00ede un correo electr\u00f3nico a <a href=\"mailto:ESOLSpanish@austincc.edu\">ESOLSpanish@austincc.edu<\/a> o llame al 512-223-7492.<\/p>\n<div><\/div>\n"}],"background":"Color","background_color":"#FFFFFF","background_gradient":{"gradient_start":"","gradient_end":""},"background_image":false,"text_mode":"dark","id":""},{"acf_fc_layout":"accordion","heading":"Full-Time Faculty","accordion":[{"title":"Nagham Awadallah - Associate Professor","description":"<p>Office: <a href=\"https:\/\/www.austincc.edu\/campuses\/south-austin-campus\/\">South Austin Campus<\/a>, Building 1000 Room 1313.3<br \/>\nPhone: 512-223-9203<br \/>\nEmail: <a href=\"mailto:nawadall@austincc.edu\">nawadall@austincc.edu<\/a><\/p>\n"},{"title":"Raul Cantu \u2013 Professor","description":"<p>Office:\u00a0<a href=\"http:\/\/www.austincc.edu\/locations\/campuses\/round-rock-campus\"><strong>Round Rock Campus<\/strong><\/a>, Building 1000, Room\u00a01204.25<br \/>\nPhone: 512-223\u20130086<br \/>\nEmail:\u00a0<a href=\"mailto:rcantu3@austincc.edu\"><strong>rcantu3@austincc.edu<\/strong><\/a><\/p>\n"},{"title":"Farrah Keeler \u2013 Associate Professor and Assistant Department Chair","description":"<p>Office:\u00a0<a href=\"http:\/\/www.austincc.edu\/locations\/campuses\/northridge-campus\"><strong>Northridge Campus<\/strong><\/a>, Building 4000, Room 4105<br \/>\nPhone: 512-223\u20134113<br \/>\nEmail:\u00a0<a href=\"mailto:fkeeler@austincc.edu\"><strong>fkeeler@austincc.edu<\/strong><\/a><\/p>\n"},{"title":"Janine Lanier - Associate Professor","description":"<p>Office: <a href=\"http:\/\/austincc.edu\/highland-campus\"><strong>Highland Campus<\/strong><\/a>, Building 4000, Room 4.2310.02<br \/>\nEmail: <a href=\"mailto:jlanier@austincc.edu\"><strong>jlanier@austincc.edu<\/strong><\/a><\/p>\n"},{"title":"Kathleen Nakasone - Professor","description":"<p>Office: <strong><a href=\"http:\/\/austincc.edu\/highland-campus\">Highland Campus<\/a>\u00a0<\/strong> Bldg 2000, Room 2.2410.04<\/p>\n<p>Email:\u00a0<a href=\"mailto:kathleen.nakasone@austincc.edu\"><strong>kathleen.nakasone@austincc.edu<\/strong><\/a><\/p>\n<p>&nbsp;<\/p>\n"},{"title":"Kim Oliver \u2013 Associate Professor and Assistant Department Chair","description":"<p>Office: <a href=\"https:\/\/www.austincc.edu\/campuses\/cypress-creek-campus\"><b>Cypress Creek Campus<\/b><\/a> Building 1000 Room 1103.2<br \/>\nPhone: 512-223-7458<br \/>\nEmail:\u00a0<a href=\"mailto:koliver@austincc.edu\"><strong>koliver@austincc.edu<\/strong><\/a><\/p>\n"},{"title":"Elizabeth Rivas - Associate Professor and Assessment Coordinator","description":"<p>Office:\u00a0<a href=\"http:\/\/www.austincc.edu\/locations\/campuses\/northridge-campus\"><strong>Northridge Campus<\/strong><\/a>, Building 4000, Room 4111<\/p>\n<p>Email: <strong><a href=\"mailto:elizabeth.rivas@austincc.edu\">elizabeth.rivas@austincc.edu<\/a><\/strong><\/p>\n"},{"title":"Anne-Marie Schlender \u2013 Professor","description":"<p>Office:\u00a0<a href=\"http:\/\/http\/www.austincc.edu\/locations\/campuses\/rio-grande-campus\"><strong>Rio Grande Campus<\/strong><\/a>, Building, Room 3340<br \/>\nPhone: 512-223\u20133349<br \/>\nEmail:\u00a0<a href=\"mailto:aschlend@austincc.edu\"><strong>aschlend@austincc.edu<\/strong><\/a><\/p>\n"},{"title":"Anna Stinson \u2013 Associate Professor","description":"<p>Office: <a href=\"http:\/\/austincc.edu\/highland-campus\"><strong>Highland Campus<\/strong><\/a>, Building 4000, Room 4.2310.26<br \/>\nPhone: 512-223-7458<br \/>\nEmail:\u00a0<a href=\"mailto:agann@austincc.edu\"><strong>agann@austincc.edu<\/strong><\/a><\/p>\n"}],"background":"Color","background_color":"#FFFFFF","background_gradient":{"gradient_start":"","gradient_end":""},"background_image":false,"text_mode":"dark","id":""}],"hero_content":false,"sidekick":""},"yoast_head":"<!-- This site is optimized with the Yoast SEO plugin v24.8 - https:\/\/yoast.com\/wordpress\/plugins\/seo\/ -->\n<title>Contact the ESOL Department at Austin Community College - English for Speakers of Other Languages<\/title>\n<meta name=\"description\" content=\"Learn more about Austin Community College campuses and faculty for the ESOL and Intensive English Program department.\" \/>\n<meta name=\"robots\" content=\"index, follow, max-snippet:-1, max-image-preview:large, max-video-preview:-1\" \/>\n<link rel=\"canonical\" href=\"https:\/\/liberalarts.austincc.edu\/esol\/about-us\/\" \/>\n<meta property=\"og:locale\" content=\"en_US\" \/>\n<meta property=\"og:type\" content=\"article\" \/>\n<meta property=\"og:title\" content=\"Contact the ESOL Department at Austin Community College - English for Speakers of Other Languages\" \/>\n<meta property=\"og:description\" content=\"Learn more about Austin Community College campuses and faculty for the ESOL and Intensive English Program department.\" \/>\n<meta property=\"og:url\" content=\"https:\/\/liberalarts.austincc.edu\/esol\/about-us\/\" \/>\n<meta property=\"og:site_name\" content=\"English for Speakers of Other Languages\" \/>\n<meta property=\"article:modified_time\" content=\"2025-08-17T22:24:01+00:00\" \/>\n<meta name=\"twitter:card\" content=\"summary_large_image\" \/>\n<script type=\"application\/ld+json\" class=\"yoast-schema-graph\">{\"@context\":\"https:\/\/schema.org\",\"@graph\":[{\"@type\":\"WebPage\",\"@id\":\"https:\/\/liberalarts.austincc.edu\/esol\/about-us\/\",\"url\":\"https:\/\/liberalarts.austincc.edu\/esol\/about-us\/\",\"name\":\"Contact the ESOL Department at Austin Community College - English for Speakers of Other Languages\",\"isPartOf\":{\"@id\":\"https:\/\/liberalarts.austincc.edu\/esol\/#website\"},\"datePublished\":\"2020-08-28T23:32:39+00:00\",\"dateModified\":\"2025-08-17T22:24:01+00:00\",\"description\":\"Learn more about Austin Community College campuses and faculty for the ESOL and Intensive English Program department.\",\"breadcrumb\":{\"@id\":\"https:\/\/liberalarts.austincc.edu\/esol\/about-us\/#breadcrumb\"},\"inLanguage\":\"en-US\",\"potentialAction\":[{\"@type\":\"ReadAction\",\"target\":[\"https:\/\/liberalarts.austincc.edu\/esol\/about-us\/\"]}]},{\"@type\":\"BreadcrumbList\",\"@id\":\"https:\/\/liberalarts.austincc.edu\/esol\/about-us\/#breadcrumb\",\"itemListElement\":[{\"@type\":\"ListItem\",\"position\":1,\"name\":\"Home\",\"item\":\"https:\/\/liberalarts.austincc.edu\/esol\/\"},{\"@type\":\"ListItem\",\"position\":2,\"name\":\"Contact the ESOL Department at Austin Community College\"}]},{\"@type\":\"WebSite\",\"@id\":\"https:\/\/liberalarts.austincc.edu\/esol\/#website\",\"url\":\"https:\/\/liberalarts.austincc.edu\/esol\/\",\"name\":\"English for Speakers of Other Languages\",\"description\":\"\",\"potentialAction\":[{\"@type\":\"SearchAction\",\"target\":{\"@type\":\"EntryPoint\",\"urlTemplate\":\"https:\/\/liberalarts.austincc.edu\/esol\/?s={search_term_string}\"},\"query-input\":{\"@type\":\"PropertyValueSpecification\",\"valueRequired\":true,\"valueName\":\"search_term_string\"}}],\"inLanguage\":\"en-US\"}]}<\/script>\n<!-- \/ Yoast SEO plugin. -->","yoast_head_json":{"title":"Contact the ESOL Department at Austin Community College - English for Speakers of Other Languages","description":"Learn more about Austin Community College campuses and faculty for the ESOL and Intensive English Program department.","robots":{"index":"index","follow":"follow","max-snippet":"max-snippet:-1","max-image-preview":"max-image-preview:large","max-video-preview":"max-video-preview:-1"},"canonical":"https:\/\/liberalarts.austincc.edu\/esol\/about-us\/","og_locale":"en_US","og_type":"article","og_title":"Contact the ESOL Department at Austin Community College - English for Speakers of Other Languages","og_description":"Learn more about Austin Community College campuses and faculty for the ESOL and Intensive English Program department.","og_url":"https:\/\/liberalarts.austincc.edu\/esol\/about-us\/","og_site_name":"English for Speakers of Other Languages","article_modified_time":"2025-08-17T22:24:01+00:00","twitter_card":"summary_large_image","schema":{"@context":"https:\/\/schema.org","@graph":[{"@type":"WebPage","@id":"https:\/\/liberalarts.austincc.edu\/esol\/about-us\/","url":"https:\/\/liberalarts.austincc.edu\/esol\/about-us\/","name":"Contact the ESOL Department at Austin Community College - English for Speakers of Other Languages","isPartOf":{"@id":"https:\/\/liberalarts.austincc.edu\/esol\/#website"},"datePublished":"2020-08-28T23:32:39+00:00","dateModified":"2025-08-17T22:24:01+00:00","description":"Learn more about Austin Community College campuses and faculty for the ESOL and Intensive English Program department.","breadcrumb":{"@id":"https:\/\/liberalarts.austincc.edu\/esol\/about-us\/#breadcrumb"},"inLanguage":"en-US","potentialAction":[{"@type":"ReadAction","target":["https:\/\/liberalarts.austincc.edu\/esol\/about-us\/"]}]},{"@type":"BreadcrumbList","@id":"https:\/\/liberalarts.austincc.edu\/esol\/about-us\/#breadcrumb","itemListElement":[{"@type":"ListItem","position":1,"name":"Home","item":"https:\/\/liberalarts.austincc.edu\/esol\/"},{"@type":"ListItem","position":2,"name":"Contact the ESOL Department at Austin Community College"}]},{"@type":"WebSite","@id":"https:\/\/liberalarts.austincc.edu\/esol\/#website","url":"https:\/\/liberalarts.austincc.edu\/esol\/","name":"English for Speakers of Other Languages","description":"","potentialAction":[{"@type":"SearchAction","target":{"@type":"EntryPoint","urlTemplate":"https:\/\/liberalarts.austincc.edu\/esol\/?s={search_term_string}"},"query-input":{"@type":"PropertyValueSpecification","valueRequired":true,"valueName":"search_term_string"}}],"inLanguage":"en-US"}]}},"jetpack_sharing_enabled":true,"_links":{"self":[{"href":"https:\/\/liberalarts.austincc.edu\/esol\/wp-json\/wp\/v2\/pages\/778","targetHints":{"allow":["GET"]}}],"collection":[{"href":"https:\/\/liberalarts.austincc.edu\/esol\/wp-json\/wp\/v2\/pages"}],"about":[{"href":"https:\/\/liberalarts.austincc.edu\/esol\/wp-json\/wp\/v2\/types\/page"}],"author":[{"embeddable":true,"href":"https:\/\/liberalarts.austincc.edu\/esol\/wp-json\/wp\/v2\/users\/6"}],"replies":[{"embeddable":true,"href":"https:\/\/liberalarts.austincc.edu\/esol\/wp-json\/wp\/v2\/comments?post=778"}],"version-history":[{"count":0,"href":"https:\/\/liberalarts.austincc.edu\/esol\/wp-json\/wp\/v2\/pages\/778\/revisions"}],"wp:attachment":[{"href":"https:\/\/liberalarts.austincc.edu\/esol\/wp-json\/wp\/v2\/media?parent=778"}],"curies":[{"name":"wp","href":"https:\/\/api.w.org\/{rel}","templated":true}]}}