{"id":338,"date":"2020-07-20T16:47:43","date_gmt":"2020-07-20T16:47:43","guid":{"rendered":"https:\/\/instruction.austincc.edu\/esol\/?page_id=338"},"modified":"2025-03-04T23:37:39","modified_gmt":"2025-03-04T23:37:39","slug":"ingles-para-nativos-de-otros-idiomas-esol","status":"publish","type":"page","link":"https:\/\/liberalarts.austincc.edu\/esol\/ingles-para-nativos-de-otros-idiomas-esol\/","title":{"rendered":"Ingl\u00e9s para nativos de otros idiomas- ESOL"},"content":{"rendered":"<h4><strong>El idioma Ingl\u00e9s + preparaci\u00f3n acad\u00e9mica<\/strong><\/h4>\n<p>Nuestro Programa de ESOL (Ingl\u00e9s para nativos de otros idiomas) le ense\u00f1a ingl\u00e9s a individuos que no son nativos para prepararlos para un trabajo, la escuela o vivir sin barreras de comunicaci\u00f3n en el pa\u00eds.\u00a0<a href=\"http:\/\/sites.austincc.edu\/esol\/multiples-niveles-de-instruccion-para-ayudarte\/\">Aprende m\u00e1s<\/a>.<\/p>\n<p>Tenga en cuenta que ESOL no tiene clases para estudiantes de ingl\u00e9s que son completamente principiantes. Para integrarse al programa ESOL, los estudiantes ya deben tener habilidades y un nivel inicial casi intermedio en hablar, escuchar, leer y escribir en ingl\u00e9s. Invitamos a los estudiantes de nivel introductorio a practicar ingl\u00e9s un poco m\u00e1s antes de continuar con la solicitud. Hay muchos programas de introducci\u00f3n al ingl\u00e9s en el \u00e1rea de Austin que pueden ayudar. (Busque <a href=\"https:\/\/docs.google.com\/document\/d\/1a7BgNNwEF_yMrt8yepZJVdV-x_xeWdx-_Xk5nR9wQ1c\/edit?usp=sharing\">aqu\u00ed<\/a> , incluyendo el programa de <a href=\"https:\/\/www.austincc.edu\/academic-and-career-programs\/adult-education\/english-as-a-second-language-esl\">ESL<\/a> de educaci\u00f3n para adultos de ACC).<\/p>\n","protected":false},"excerpt":{"rendered":"<p>El idioma Ingl\u00e9s + preparaci\u00f3n acad\u00e9mica Nuestro Programa de ESOL (Ingl\u00e9s para nativos de otros idiomas) le ense\u00f1a ingl\u00e9s a individuos que no son nativos para prepararlos para un trabajo, la escuela o vivir sin barreras de comunicaci\u00f3n en el pa\u00eds.\u00a0Aprende m\u00e1s. Tenga en cuenta que ESOL no tiene clases para estudiantes de ingl\u00e9s que [&hellip;]<\/p>\n","protected":false},"author":6,"featured_media":0,"parent":0,"menu_order":0,"comment_status":"closed","ping_status":"closed","template":"","meta":{"_acf_changed":false,"footnotes":""},"class_list":["post-338","page","type-page","status-publish","hentry"],"acf":{"layouts":[{"acf_fc_layout":"two_columns","heading":"","column_1":"<p><a href=\"https:\/\/liberalarts.austincc.edu\/esol\/wp-content\/uploads\/sites\/3\/2025\/03\/New-Spanish-Flyer-2025.pdf\"><img decoding=\"async\" class=\"alignnone wp-image-1672 size-medium\" src=\"https:\/\/liberalarts.austincc.edu\/esol\/wp-content\/uploads\/sites\/3\/2023\/12\/Screenshot-Spanish_Flyer-300x159.jpg\" alt=\"\" width=\"300\" height=\"159\" srcset=\"https:\/\/liberalarts.austincc.edu\/esol\/wp-content\/uploads\/sites\/3\/2023\/12\/Screenshot-Spanish_Flyer-300x159.jpg 300w, https:\/\/liberalarts.austincc.edu\/esol\/wp-content\/uploads\/sites\/3\/2023\/12\/Screenshot-Spanish_Flyer-768x408.jpg 768w, https:\/\/liberalarts.austincc.edu\/esol\/wp-content\/uploads\/sites\/3\/2023\/12\/Screenshot-Spanish_Flyer.jpg 879w\" sizes=\"(max-width: 300px) 100vw, 300px\" \/><\/a><\/p>\n<p id=\"tw-target-text\" class=\"tw-data-text tw-text-large tw-ta\" dir=\"ltr\" data-placeholder=\"Translation\" data-ved=\"2ahUKEwji4Nnio5KDAxXzlWoFHReFCbgQ3ewLegQIBRAQ\"><a href=\"https:\/\/liberalarts.austincc.edu\/esol\/wp-content\/uploads\/sites\/3\/2025\/03\/New-Spanish-Flyer-2025.pdf\"><span class=\"Y2IQFc\" lang=\"es\">Lea nuestro folleto para obtener m\u00e1s informaci\u00f3n.<\/span><\/a><\/p>\n<p>\u00bfInteresado en clases de Ingl\u00e9s ESOL? El primer paso es completar\u00a0<a href=\"https:\/\/docs.google.com\/forms\/d\/e\/1FAIpQLSdt_posPz9keCIiRM0rBAbUF86W4qTmCneycVIDa4Pvbg4Nig\/viewform\">el formulario de solicitud de ESOL<\/a>\u00a0en l\u00ednea. Recibir\u00e1 un correo electr\u00f3nico de nuestra oficina dentro de un d\u00eda h\u00e1bil. \u00a1Esperamos conectarnos con usted!<\/p>\n","column_2":"<p>&nbsp;<\/p>\n<h4 dir=\"ltr\"><strong>Preguntas?<\/strong><\/h4>\n<ul>\n<li dir=\"ltr\">Para preguntas en Espa\u00f1ol env\u00ede un correo electr\u00f3nico a <a href=\"mailto:ESOLSpanish@austincc.edu\"><u>ESOLSpanish@austincc.edu<\/u><\/a><span style=\"color: #000000\"> o<\/span> llame al\u00a0 512-223-7492.<\/li>\n<\/ul>\n","background":"Color","background_color":"#FFFFFF","background_gradient":{"gradient_start":"","gradient_end":""},"background_image":false,"text_mode":"dark","id":""}],"hero_content":false,"sidekick":""},"yoast_head":"<!-- This site is optimized with the Yoast SEO plugin v24.8 - https:\/\/yoast.com\/wordpress\/plugins\/seo\/ -->\n<title>Ingl\u00e9s para nativos de otros idiomas- ESOL - English for Speakers of Other Languages<\/title>\n<meta name=\"robots\" content=\"index, follow, max-snippet:-1, max-image-preview:large, max-video-preview:-1\" \/>\n<link rel=\"canonical\" href=\"https:\/\/liberalarts.austincc.edu\/esol\/ingles-para-nativos-de-otros-idiomas-esol\/\" \/>\n<meta property=\"og:locale\" content=\"en_US\" \/>\n<meta property=\"og:type\" content=\"article\" \/>\n<meta property=\"og:title\" content=\"Ingl\u00e9s para nativos de otros idiomas- ESOL - English for Speakers of Other Languages\" \/>\n<meta property=\"og:description\" content=\"El idioma Ingl\u00e9s + preparaci\u00f3n acad\u00e9mica Nuestro Programa de ESOL (Ingl\u00e9s para nativos de otros idiomas) le ense\u00f1a ingl\u00e9s a individuos que no son nativos para prepararlos para un trabajo, la escuela o vivir sin barreras de comunicaci\u00f3n en el pa\u00eds.\u00a0Aprende m\u00e1s. Tenga en cuenta que ESOL no tiene clases para estudiantes de ingl\u00e9s que [&hellip;]\" \/>\n<meta property=\"og:url\" content=\"https:\/\/liberalarts.austincc.edu\/esol\/ingles-para-nativos-de-otros-idiomas-esol\/\" \/>\n<meta property=\"og:site_name\" content=\"English for Speakers of Other Languages\" \/>\n<meta property=\"article:modified_time\" content=\"2025-03-04T23:37:39+00:00\" \/>\n<meta name=\"twitter:card\" content=\"summary_large_image\" \/>\n<meta name=\"twitter:label1\" content=\"Est. reading time\" \/>\n\t<meta name=\"twitter:data1\" content=\"1 minute\" \/>\n<script type=\"application\/ld+json\" class=\"yoast-schema-graph\">{\"@context\":\"https:\/\/schema.org\",\"@graph\":[{\"@type\":\"WebPage\",\"@id\":\"https:\/\/liberalarts.austincc.edu\/esol\/ingles-para-nativos-de-otros-idiomas-esol\/\",\"url\":\"https:\/\/liberalarts.austincc.edu\/esol\/ingles-para-nativos-de-otros-idiomas-esol\/\",\"name\":\"Ingl\u00e9s para nativos de otros idiomas- ESOL - English for Speakers of Other Languages\",\"isPartOf\":{\"@id\":\"https:\/\/liberalarts.austincc.edu\/esol\/#website\"},\"datePublished\":\"2020-07-20T16:47:43+00:00\",\"dateModified\":\"2025-03-04T23:37:39+00:00\",\"breadcrumb\":{\"@id\":\"https:\/\/liberalarts.austincc.edu\/esol\/ingles-para-nativos-de-otros-idiomas-esol\/#breadcrumb\"},\"inLanguage\":\"en-US\",\"potentialAction\":[{\"@type\":\"ReadAction\",\"target\":[\"https:\/\/liberalarts.austincc.edu\/esol\/ingles-para-nativos-de-otros-idiomas-esol\/\"]}]},{\"@type\":\"BreadcrumbList\",\"@id\":\"https:\/\/liberalarts.austincc.edu\/esol\/ingles-para-nativos-de-otros-idiomas-esol\/#breadcrumb\",\"itemListElement\":[{\"@type\":\"ListItem\",\"position\":1,\"name\":\"Home\",\"item\":\"https:\/\/liberalarts.austincc.edu\/esol\/\"},{\"@type\":\"ListItem\",\"position\":2,\"name\":\"Ingl\u00e9s para nativos de otros idiomas- ESOL\"}]},{\"@type\":\"WebSite\",\"@id\":\"https:\/\/liberalarts.austincc.edu\/esol\/#website\",\"url\":\"https:\/\/liberalarts.austincc.edu\/esol\/\",\"name\":\"English for Speakers of Other Languages\",\"description\":\"\",\"potentialAction\":[{\"@type\":\"SearchAction\",\"target\":{\"@type\":\"EntryPoint\",\"urlTemplate\":\"https:\/\/liberalarts.austincc.edu\/esol\/?s={search_term_string}\"},\"query-input\":{\"@type\":\"PropertyValueSpecification\",\"valueRequired\":true,\"valueName\":\"search_term_string\"}}],\"inLanguage\":\"en-US\"}]}<\/script>\n<!-- \/ Yoast SEO plugin. -->","yoast_head_json":{"title":"Ingl\u00e9s para nativos de otros idiomas- ESOL - English for Speakers of Other Languages","robots":{"index":"index","follow":"follow","max-snippet":"max-snippet:-1","max-image-preview":"max-image-preview:large","max-video-preview":"max-video-preview:-1"},"canonical":"https:\/\/liberalarts.austincc.edu\/esol\/ingles-para-nativos-de-otros-idiomas-esol\/","og_locale":"en_US","og_type":"article","og_title":"Ingl\u00e9s para nativos de otros idiomas- ESOL - English for Speakers of Other Languages","og_description":"El idioma Ingl\u00e9s + preparaci\u00f3n acad\u00e9mica Nuestro Programa de ESOL (Ingl\u00e9s para nativos de otros idiomas) le ense\u00f1a ingl\u00e9s a individuos que no son nativos para prepararlos para un trabajo, la escuela o vivir sin barreras de comunicaci\u00f3n en el pa\u00eds.\u00a0Aprende m\u00e1s. Tenga en cuenta que ESOL no tiene clases para estudiantes de ingl\u00e9s que [&hellip;]","og_url":"https:\/\/liberalarts.austincc.edu\/esol\/ingles-para-nativos-de-otros-idiomas-esol\/","og_site_name":"English for Speakers of Other Languages","article_modified_time":"2025-03-04T23:37:39+00:00","twitter_card":"summary_large_image","twitter_misc":{"Est. reading time":"1 minute"},"schema":{"@context":"https:\/\/schema.org","@graph":[{"@type":"WebPage","@id":"https:\/\/liberalarts.austincc.edu\/esol\/ingles-para-nativos-de-otros-idiomas-esol\/","url":"https:\/\/liberalarts.austincc.edu\/esol\/ingles-para-nativos-de-otros-idiomas-esol\/","name":"Ingl\u00e9s para nativos de otros idiomas- ESOL - English for Speakers of Other Languages","isPartOf":{"@id":"https:\/\/liberalarts.austincc.edu\/esol\/#website"},"datePublished":"2020-07-20T16:47:43+00:00","dateModified":"2025-03-04T23:37:39+00:00","breadcrumb":{"@id":"https:\/\/liberalarts.austincc.edu\/esol\/ingles-para-nativos-de-otros-idiomas-esol\/#breadcrumb"},"inLanguage":"en-US","potentialAction":[{"@type":"ReadAction","target":["https:\/\/liberalarts.austincc.edu\/esol\/ingles-para-nativos-de-otros-idiomas-esol\/"]}]},{"@type":"BreadcrumbList","@id":"https:\/\/liberalarts.austincc.edu\/esol\/ingles-para-nativos-de-otros-idiomas-esol\/#breadcrumb","itemListElement":[{"@type":"ListItem","position":1,"name":"Home","item":"https:\/\/liberalarts.austincc.edu\/esol\/"},{"@type":"ListItem","position":2,"name":"Ingl\u00e9s para nativos de otros idiomas- ESOL"}]},{"@type":"WebSite","@id":"https:\/\/liberalarts.austincc.edu\/esol\/#website","url":"https:\/\/liberalarts.austincc.edu\/esol\/","name":"English for Speakers of Other Languages","description":"","potentialAction":[{"@type":"SearchAction","target":{"@type":"EntryPoint","urlTemplate":"https:\/\/liberalarts.austincc.edu\/esol\/?s={search_term_string}"},"query-input":{"@type":"PropertyValueSpecification","valueRequired":true,"valueName":"search_term_string"}}],"inLanguage":"en-US"}]}},"jetpack_sharing_enabled":true,"_links":{"self":[{"href":"https:\/\/liberalarts.austincc.edu\/esol\/wp-json\/wp\/v2\/pages\/338","targetHints":{"allow":["GET"]}}],"collection":[{"href":"https:\/\/liberalarts.austincc.edu\/esol\/wp-json\/wp\/v2\/pages"}],"about":[{"href":"https:\/\/liberalarts.austincc.edu\/esol\/wp-json\/wp\/v2\/types\/page"}],"author":[{"embeddable":true,"href":"https:\/\/liberalarts.austincc.edu\/esol\/wp-json\/wp\/v2\/users\/6"}],"replies":[{"embeddable":true,"href":"https:\/\/liberalarts.austincc.edu\/esol\/wp-json\/wp\/v2\/comments?post=338"}],"version-history":[{"count":0,"href":"https:\/\/liberalarts.austincc.edu\/esol\/wp-json\/wp\/v2\/pages\/338\/revisions"}],"wp:attachment":[{"href":"https:\/\/liberalarts.austincc.edu\/esol\/wp-json\/wp\/v2\/media?parent=338"}],"curies":[{"name":"wp","href":"https:\/\/api.w.org\/{rel}","templated":true}]}}