{"id":5,"date":"2024-09-30T14:48:29","date_gmt":"2024-09-30T14:48:29","guid":{"rendered":"https:\/\/liberalarts.austincc.edu\/esol-dev\/?page_id=5"},"modified":"2025-08-14T21:52:37","modified_gmt":"2025-08-14T21:52:37","slug":"english-for-speakers-of-other-languages","status":"publish","type":"page","link":"https:\/\/liberalarts.austincc.edu\/esol-dev\/","title":{"rendered":"Home"},"content":{"rendered":"\n<div class=\"wp-block-cover alignfull has-custom-content-position is-position-top-center wp-duotone-varpresetduotoneduotone-5-2\" style=\"padding-top:var(--wp--preset--spacing--30);padding-bottom:var(--wp--preset--spacing--30);min-height:162px;aspect-ratio:unset;\"><img fetchpriority=\"high\" decoding=\"async\" width=\"1024\" height=\"683\" class=\"wp-block-cover__image-background wp-image-118 size-large\" alt=\"\" src=\"https:\/\/liberalarts.austincc.edu\/esol-dev\/wp-content\/uploads\/sites\/17\/2025\/07\/RS22182_20230628-SAC-ESOL-Class-ca-040_hpr-1_compressed-1024x683.jpg\" style=\"object-position:37% 41%\" data-object-fit=\"cover\" data-object-position=\"37% 41%\" srcset=\"https:\/\/liberalarts.austincc.edu\/esol-dev\/wp-content\/uploads\/sites\/17\/2025\/07\/RS22182_20230628-SAC-ESOL-Class-ca-040_hpr-1_compressed-1024x683.jpg 1024w, https:\/\/liberalarts.austincc.edu\/esol-dev\/wp-content\/uploads\/sites\/17\/2025\/07\/RS22182_20230628-SAC-ESOL-Class-ca-040_hpr-1_compressed-300x200.jpg 300w, https:\/\/liberalarts.austincc.edu\/esol-dev\/wp-content\/uploads\/sites\/17\/2025\/07\/RS22182_20230628-SAC-ESOL-Class-ca-040_hpr-1_compressed-768x512.jpg 768w, https:\/\/liberalarts.austincc.edu\/esol-dev\/wp-content\/uploads\/sites\/17\/2025\/07\/RS22182_20230628-SAC-ESOL-Class-ca-040_hpr-1_compressed-1536x1025.jpg 1536w, https:\/\/liberalarts.austincc.edu\/esol-dev\/wp-content\/uploads\/sites\/17\/2025\/07\/RS22182_20230628-SAC-ESOL-Class-ca-040_hpr-1_compressed-2048x1366.jpg 2048w\" sizes=\"(max-width: 1024px) 100vw, 1024px\" \/><span aria-hidden=\"true\" class=\"wp-block-cover__background has-background-dim-80 has-background-dim wp-block-cover__gradient-background has-background-gradient\" style=\"background:linear-gradient(92deg,rgb(77,25,121) 0%,rgba(77,25,120,0.48) 100%)\"><\/span><div class=\"wp-block-cover__inner-container has-global-padding is-layout-constrained wp-container-core-cover-is-layout-9550d696 wp-block-cover-is-layout-constrained\">\n<p> <\/p>\n<\/div><\/div>\n\n\n\n<div style=\"height:16px\" aria-hidden=\"true\" class=\"wp-block-spacer\"><\/div>\n\n\n\n<div class=\"wp-block-group is-style-section-4 has-global-padding is-layout-constrained wp-container-core-group-is-layout-80fb368b wp-block-group-is-layout-constrained is-style-section-4--3\" style=\"border-radius:6px;padding-top:var(--wp--preset--spacing--30);padding-right:var(--wp--preset--spacing--30);padding-bottom:var(--wp--preset--spacing--30);padding-left:var(--wp--preset--spacing--30);box-shadow:var(--wp--preset--shadow--natural)\">\n<h2 class=\"wp-block-heading has-text-align-center\"><strong>Contact Us<\/strong><\/h2>\n\n\n\n<div class=\"wp-block-columns is-layout-flex wp-container-core-columns-is-layout-28f84493 wp-block-columns-is-layout-flex\">\n<div class=\"wp-block-column is-layout-flow wp-block-column-is-layout-flow\">\n<p><strong>ESOL Department Main Office<br><\/strong>Highland Campus<br>Bldg. 2000 Room 2.2410<br>6101 Airport Drive<br>Austin, Texas 78752<br>Phone: <strong>512-223\u20137451<br><\/strong>Email: <strong>ESOL@austincc.edu<\/strong><\/p>\n<\/div>\n\n\n\n<div class=\"wp-block-column is-layout-flow wp-block-column-is-layout-flow\">\n<p>Susan Das, <em>Department Chair<\/em><br>Office: HLC Bldg. 2000 Room 2.2410.12<br>Phone: <strong>512-223\u20137452<br><\/strong>Email: <strong>sdas2@austincc.edu<\/strong><\/p>\n\n\n\n<p>Para preguntas en espa\u00f1ol env\u00ede un correo electr\u00f3nico a <strong>ESOLSpanish@austincc.edu<\/strong> o llame al&nbsp; <strong>512-223-7492<\/strong>.<\/p>\n<\/div>\n<\/div>\n<\/div>\n\n\n\n<div style=\"height:16px\" aria-hidden=\"true\" class=\"wp-block-spacer\"><\/div>\n\n\n\n<div class=\"wp-block-columns is-layout-flex wp-container-core-columns-is-layout-28f84493 wp-block-columns-is-layout-flex\">\n<div class=\"wp-block-column is-layout-flow wp-block-column-is-layout-flow\">\n<h2 class=\"wp-block-heading\"><strong>Learn <span style=\"text-decoration: underline;\">English<\/span> + Academic &amp; Career Skills<\/strong><\/h2>\n\n\n\n<p class=\"has-medium-font-size\">Our ESOL Program (English for Speakers of Other Languages) provides intermediate and advanced English classes to non-native English speaking adults to prepare them for work, school, and everyday living.<\/p>\n\n\n\n<p class=\"has-medium-font-size\">Our students come from diverse backgrounds and can take English classes online, on campus, or as a hybrid (combination of on-campus and online).<\/p>\n\n\n\n<p class=\"has-medium-font-size\">In this flexible English learning program, students can take one or more courses in:<\/p>\n\n\n\n<ul class=\"wp-block-list has-medium-font-size\">\n<li>Electives: Advanced Pronunciation, Business Communication, and TOEFL Prep.<\/li>\n\n\n\n<li>Reading and Vocabulary<\/li>\n\n\n\n<li>Oral Communication<\/li>\n\n\n\n<li>Grammar<\/li>\n\n\n\n<li>Writing<\/li>\n<\/ul>\n<\/div>\n\n\n\n<div class=\"wp-block-column is-layout-flow wp-block-column-is-layout-flow\">\n<figure class=\"wp-block-embed is-type-video is-provider-youtube wp-block-embed-youtube wp-embed-aspect-16-9 wp-has-aspect-ratio animate__zoomIn animate__animated\"><div class=\"wp-block-embed__wrapper\">\n<iframe title=\"ESOL - Student Testimonials\" width=\"500\" height=\"281\" src=\"https:\/\/www.youtube.com\/embed\/wfCiqKpXmf4?feature=oembed\" frameborder=\"0\" allow=\"accelerometer; autoplay; clipboard-write; encrypted-media; gyroscope; picture-in-picture; web-share\" referrerpolicy=\"strict-origin-when-cross-origin\" allowfullscreen><\/iframe>\n<\/div><\/figure>\n<\/div>\n<\/div>\n\n\n\n<div class=\"wp-block-group has-base-color has-accent-3-background-color has-text-color has-background has-link-color wp-elements-59605705c5ac388e3e2d93bb975234fe has-global-padding is-layout-constrained wp-block-group-is-layout-constrained\" style=\"border-radius:8px;padding-top:var(--wp--preset--spacing--30);padding-bottom:var(--wp--preset--spacing--30)\">\n<p class=\"has-text-align-center is-style-default has-base-color has-accent-3-background-color has-text-color has-background has-link-color has-x-large-font-size wp-elements-4d7b5f591aac01794901fa7ddd068cec\" style=\"margin-top:0;margin-right:0;margin-left:0;padding-top:var(--wp--preset--spacing--30);padding-bottom:var(--wp--preset--spacing--30)\">ESOL <span style=\"text-decoration: underline;\">does not<\/span> have beginning English classes\u200b<\/p>\n\n\n\n<p class=\"has-text-align-center\">To enter ESOL, students must already have basic skills in English speaking, listening, reading, and writing.<\/p>\n\n\n\n<p class=\"has-text-align-center\">See&nbsp;<a href=\"https:\/\/liberalarts.austincc.edu\/esol-dev\/new-students\/\">Am I Ready for ESOL?<\/a>&nbsp;for more information.<\/p>\n<\/div>\n\n\n\n<div style=\"height:21px\" aria-hidden=\"true\" class=\"wp-block-spacer\"><\/div>\n\n\n\n<h2 class=\"wp-block-heading has-text-align-center\">Read about out programs in:<\/h2>\n\n\n\n<div class=\"wp-block-columns is-layout-flex wp-container-core-columns-is-layout-28f84493 wp-block-columns-is-layout-flex\">\n<div class=\"wp-block-column is-layout-flow wp-block-column-is-layout-flow\">\n<p class=\"has-text-align-center\"><a href=\"https:\/\/drive.google.com\/file\/d\/1SpVAWcCHlUz-wvF5BMwiX0wn4zI08BjO\/view?usp=sharing\">Arabic\/\u0639\u0631\u0628\u064a<\/a>&nbsp; &nbsp;<\/p>\n\n\n\n<p class=\"has-text-align-center\"><a href=\"https:\/\/drive.google.com\/file\/d\/1E35ZEexkv27VQ1zpurxHYSjiEIIAiYrt\/view?usp=drive_link\">Chinese\/\u4e2d\u56fd\u4eba<\/a>&nbsp; &nbsp;<\/p>\n\n\n\n<p class=\"has-text-align-center\"><a href=\"https:\/\/drive.google.com\/file\/d\/14Tv7_Ee5TQAj7SclohxcZZaWmqUz7WoL\/view?usp=drive_link\">English<\/a>&nbsp;&nbsp;<\/p>\n\n\n\n<p class=\"has-text-align-center\"><a href=\"https:\/\/drive.google.com\/file\/d\/1XyvvArWm2hSv9E_CqSh4DjY61yz38Pwg\/view?usp=drive_link\">Farsi\/\u0641\u0627\u0631\u0633\u06cc&nbsp;<\/a><\/p>\n<\/div>\n\n\n\n<div class=\"wp-block-column is-layout-flow wp-block-column-is-layout-flow\">\n<p class=\"has-text-align-center\"><a href=\"https:\/\/drive.google.com\/file\/d\/1Wvuq6c_lLRY9fKuxrnNdQ2rvE3amvysR\/view?usp=drive_link\">French\/Fran\u00e7ais<\/a>&nbsp; &nbsp;<\/p>\n\n\n\n<p class=\"has-text-align-center\"><a href=\"https:\/\/drive.google.com\/file\/d\/1VO4dgURkX0Z6cWBOcdi2hooXmgpkPqR8\/view?usp=drive_link\">Japanese\/\u65e5\u672c\u8a9e<\/a>&nbsp;&nbsp;<\/p>\n\n\n\n<p class=\"has-text-align-center\"><a href=\"https:\/\/drive.google.com\/file\/d\/1ZkTLW4uoJBwdEO_H0y49teIHCIWLuw7l\/view?usp=drive_link\">Korean\/\ud55c\uad6d\uc778<\/a>&nbsp; <\/p>\n\n\n\n<p class=\"has-text-align-center\">&nbsp;<a href=\"https:\/\/drive.google.com\/file\/d\/10CeKs4IHawt9YxNtFxPWOEeK9_XO5TCj\/view?usp=drive_link\">Portuguese\/Portugu\u00eas<\/a><\/p>\n<\/div>\n\n\n\n<div class=\"wp-block-column is-layout-flow wp-block-column-is-layout-flow\">\n<p class=\"has-text-align-center\"><a href=\"https:\/\/drive.google.com\/file\/d\/1BQWeq-zw_wM-q80428t8LTVAwKwBq227\/view?usp=drive_link\">Russian\/\u0420\u0443\u0441\u0441\u043a\u0438\u0439<\/a>&nbsp;&nbsp;<\/p>\n\n\n\n<p class=\"has-text-align-center\"><a href=\"https:\/\/drive.google.com\/file\/d\/1hsrX9TAcW8MGzMgHK74pColu41olCrFi\/view?usp=drive_link\">Spanish\/Espa\u00f1ol<\/a>&nbsp;&nbsp;<\/p>\n\n\n\n<p class=\"has-text-align-center\"><a href=\"https:\/\/drive.google.com\/file\/d\/1Lk4jrtn9ohkEv-a5ods__wCL_WaLhd7Q\/view?usp=drive_link\">Ukrainian\/\u0443\u043a\u0440\u0430\u0457\u043d\u0441\u044c\u043a\u0430<\/a>&nbsp; <\/p>\n\n\n\n<p class=\"has-text-align-center\"><a href=\"https:\/\/drive.google.com\/file\/d\/195mXG273aBSgue4sYpJ_17WqXuYlwGzz\/view?usp=drive_link\">Vietnamese\/Ti\u1ebfng Vi\u1ec7t<\/a><\/p>\n<\/div>\n<\/div>\n\n\n\n<div style=\"height:23px\" aria-hidden=\"true\" class=\"wp-block-spacer\"><\/div>\n\n\n\n<div class=\"wp-block-columns is-layout-flex wp-container-core-columns-is-layout-28f84493 wp-block-columns-is-layout-flex\">\n<div class=\"wp-block-column is-layout-flow wp-block-column-is-layout-flow\" style=\"border-radius:8px;padding-bottom:var(--wp--preset--spacing--30);box-shadow:var(--wp--preset--shadow--natural)\">\n<figure class=\"wp-block-image size-full has-custom-border is-style-default wp-duotone-unset-4\"><img decoding=\"async\" width=\"1000\" height=\"667\" src=\"https:\/\/liberalarts.austincc.edu\/esol-dev\/wp-content\/uploads\/sites\/17\/2024\/09\/RS21495_20230324-SGC-Spring-Photoshoot-ca-069-scr.jpg\" alt=\"\" class=\"wp-image-7\" style=\"border-top-left-radius:8px;border-top-right-radius:8px\" srcset=\"https:\/\/liberalarts.austincc.edu\/esol-dev\/wp-content\/uploads\/sites\/17\/2024\/09\/RS21495_20230324-SGC-Spring-Photoshoot-ca-069-scr.jpg 1000w, https:\/\/liberalarts.austincc.edu\/esol-dev\/wp-content\/uploads\/sites\/17\/2024\/09\/RS21495_20230324-SGC-Spring-Photoshoot-ca-069-scr-300x200.jpg 300w, https:\/\/liberalarts.austincc.edu\/esol-dev\/wp-content\/uploads\/sites\/17\/2024\/09\/RS21495_20230324-SGC-Spring-Photoshoot-ca-069-scr-768x512.jpg 768w\" sizes=\"(max-width: 1000px) 100vw, 1000px\" \/><\/figure>\n\n\n\n<p class=\"has-text-align-center has-large-font-size\" style=\"line-height:2.4\"><a href=\"https:\/\/liberalarts.austincc.edu\/esol-dev\/new-students\/\" data-type=\"page\" data-id=\"54\">New Students<\/a><\/p>\n<\/div>\n\n\n\n<div class=\"wp-block-column is-layout-flow wp-block-column-is-layout-flow\" style=\"border-radius:8px;padding-bottom:var(--wp--preset--spacing--30);box-shadow:var(--wp--preset--shadow--natural)\">\n<figure class=\"wp-block-image size-full has-custom-border is-style-default wp-duotone-unset-5\"><img decoding=\"async\" width=\"1000\" height=\"667\" src=\"https:\/\/liberalarts.austincc.edu\/esol-dev\/wp-content\/uploads\/sites\/17\/2024\/09\/RS21495_20230324-SGC-Spring-Photoshoot-ca-069-scr.jpg\" alt=\"\" class=\"wp-image-7\" style=\"border-top-left-radius:8px;border-top-right-radius:8px\" srcset=\"https:\/\/liberalarts.austincc.edu\/esol-dev\/wp-content\/uploads\/sites\/17\/2024\/09\/RS21495_20230324-SGC-Spring-Photoshoot-ca-069-scr.jpg 1000w, https:\/\/liberalarts.austincc.edu\/esol-dev\/wp-content\/uploads\/sites\/17\/2024\/09\/RS21495_20230324-SGC-Spring-Photoshoot-ca-069-scr-300x200.jpg 300w, https:\/\/liberalarts.austincc.edu\/esol-dev\/wp-content\/uploads\/sites\/17\/2024\/09\/RS21495_20230324-SGC-Spring-Photoshoot-ca-069-scr-768x512.jpg 768w\" sizes=\"(max-width: 1000px) 100vw, 1000px\" \/><\/figure>\n\n\n\n<div class=\"wp-block-buttons is-content-justification-center is-layout-flex wp-container-core-buttons-is-layout-a89b3969 wp-block-buttons-is-layout-flex\">\n<div class=\"wp-block-button\"><a class=\"wp-block-button__link wp-element-button\" href=\"https:\/\/liberalarts.austincc.edu\/esol-dev\/new-students\/\">Current Students<\/a><\/div>\n<\/div>\n<\/div>\n\n\n\n<div class=\"wp-block-column is-layout-flow wp-block-column-is-layout-flow\" style=\"border-radius:8px;padding-bottom:var(--wp--preset--spacing--30);box-shadow:var(--wp--preset--shadow--natural)\">\n<figure class=\"wp-block-image size-full has-custom-border is-style-default wp-duotone-unset-6\"><img decoding=\"async\" width=\"1000\" height=\"667\" src=\"https:\/\/liberalarts.austincc.edu\/esol-dev\/wp-content\/uploads\/sites\/17\/2024\/09\/RS21495_20230324-SGC-Spring-Photoshoot-ca-069-scr.jpg\" alt=\"\" class=\"wp-image-7\" style=\"border-top-left-radius:8px;border-top-right-radius:8px\" srcset=\"https:\/\/liberalarts.austincc.edu\/esol-dev\/wp-content\/uploads\/sites\/17\/2024\/09\/RS21495_20230324-SGC-Spring-Photoshoot-ca-069-scr.jpg 1000w, https:\/\/liberalarts.austincc.edu\/esol-dev\/wp-content\/uploads\/sites\/17\/2024\/09\/RS21495_20230324-SGC-Spring-Photoshoot-ca-069-scr-300x200.jpg 300w, https:\/\/liberalarts.austincc.edu\/esol-dev\/wp-content\/uploads\/sites\/17\/2024\/09\/RS21495_20230324-SGC-Spring-Photoshoot-ca-069-scr-768x512.jpg 768w\" sizes=\"(max-width: 1000px) 100vw, 1000px\" \/><\/figure>\n\n\n\n<p class=\"has-text-align-center has-large-font-size\" style=\"line-height:2.4\"><a href=\"https:\/\/liberalarts.austincc.edu\/esol-dev\/new-students\/\" data-type=\"page\" data-id=\"54\">Extra Information<\/a><\/p>\n<\/div>\n<\/div>\n\n\n\n<p><\/p>\n","protected":false},"excerpt":{"rendered":"<p>Contact Us ESOL Department Main OfficeHighland CampusBldg. 2000 Room 2.24106101 Airport DriveAustin, Texas 78752Phone: 512-223\u20137451Email: ESOL@austincc.edu Susan Das, Department ChairOffice: HLC Bldg. 2000 Room 2.2410.12Phone: 512-223\u20137452Email: sdas2@austincc.edu Para preguntas en espa\u00f1ol env\u00ede un correo electr\u00f3nico a ESOLSpanish@austincc.edu o llame al&nbsp; 512-223-7492. Learn English + Academic &amp; Career Skills Our ESOL Program (English for Speakers of [&hellip;]<\/p>\n","protected":false},"author":2,"featured_media":0,"parent":0,"menu_order":0,"comment_status":"closed","ping_status":"closed","template":"page-no-title","meta":{"_acf_changed":false,"footnotes":""},"class_list":["post-5","page","type-page","status-publish","hentry"],"acf":[],"featured_image_src":null,"featured_image_src_square":null,"_links":{"self":[{"href":"https:\/\/liberalarts.austincc.edu\/esol-dev\/wp-json\/wp\/v2\/pages\/5","targetHints":{"allow":["GET"]}}],"collection":[{"href":"https:\/\/liberalarts.austincc.edu\/esol-dev\/wp-json\/wp\/v2\/pages"}],"about":[{"href":"https:\/\/liberalarts.austincc.edu\/esol-dev\/wp-json\/wp\/v2\/types\/page"}],"author":[{"embeddable":true,"href":"https:\/\/liberalarts.austincc.edu\/esol-dev\/wp-json\/wp\/v2\/users\/2"}],"replies":[{"embeddable":true,"href":"https:\/\/liberalarts.austincc.edu\/esol-dev\/wp-json\/wp\/v2\/comments?post=5"}],"version-history":[{"count":0,"href":"https:\/\/liberalarts.austincc.edu\/esol-dev\/wp-json\/wp\/v2\/pages\/5\/revisions"}],"wp:attachment":[{"href":"https:\/\/liberalarts.austincc.edu\/esol-dev\/wp-json\/wp\/v2\/media?parent=5"}],"curies":[{"name":"wp","href":"https:\/\/api.w.org\/{rel}","templated":true}]}}