{"id":2375,"date":"2022-09-02T19:22:15","date_gmt":"2022-09-02T19:22:15","guid":{"rendered":"https:\/\/liberalarts.austincc.edu\/center-peace-conflict-studies\/?page_id=2375"},"modified":"2022-09-02T23:08:19","modified_gmt":"2022-09-02T23:08:19","slug":"peace-in-relationships-2021-2022-series","status":"publish","type":"page","link":"https:\/\/liberalarts.austincc.edu\/center-peace-conflict-studies\/peace-in-relationships-2021-2022-series\/","title":{"rendered":"2021 | 2022 SERIES"},"content":{"rendered":"","protected":false},"excerpt":{"rendered":"","protected":false},"author":10,"featured_media":0,"parent":0,"menu_order":0,"comment_status":"closed","ping_status":"closed","template":"","meta":{"_acf_changed":false,"footnotes":""},"class_list":["post-2375","page","type-page","status-publish","hentry"],"acf":{"layouts":[{"acf_fc_layout":"one_column","heading":"Thursday, October 28, 2021","column_1":"<h2><b>Understanding Sexual Orientation and Gender Identity in Yourself and Others with Dr. Karen Rayne<\/b><\/h2>\n<h3><strong>12:00 \u2013 1:30 PM<\/strong><\/h3>\n<p><span style=\"font-weight: 400\">Sexual orientation and gender identity (SOGI) are complex topics that exist at the intersections of identity, experience, physical and romantic connection, biology, social expectations, and more. Our cultural understanding of SOGI has become increasingly complex over the last twenty years, complicating our basic experiences of elements that have always been and will always be some of the most personal and intimate elements of our biographies. This 90 minute session dives into the process of understanding SOGI through a historical lens up to the role it plays in people&#8217;s current understanding of themselves. It&#8217;s designed for people who would like to understand SOGI better, who wonder what their identities might be, who know and love someone whose SOGI doesn&#8217;t fall into historically prescribed categories, and who like to talk about SOGI theory.<\/span><\/p>\n<h4><\/h4>\n<p><iframe loading=\"lazy\" title=\"Understanding Sexual Orientation and Gender Identity in Yourself and Others with Dr. Karen Rayne\" width=\"500\" height=\"281\" src=\"https:\/\/www.youtube.com\/embed\/iuwJsL7yEUw?feature=oembed\" frameborder=\"0\" allow=\"accelerometer; autoplay; clipboard-write; encrypted-media; gyroscope; picture-in-picture; web-share\" referrerpolicy=\"strict-origin-when-cross-origin\" allowfullscreen><\/iframe><\/p>\n<p>&nbsp;<\/p>\n","background":"Color","background_color":"#FFFFFF","background_gradient":{"gradient_start":"","gradient_end":""},"background_image":false,"text_mode":"dark","id":""},{"acf_fc_layout":"one_column","heading":"Thursday, November 18, 2021","column_1":"<h2><b>The Conflict of Coming Out (and coming out again and again and again) with Dr. Karen Rayne<\/b><\/h2>\n<h3><\/h3>\n<h3><strong>12:00 \u2013 1:30 PM<\/strong><\/h3>\n<p><span style=\"font-weight: 400\">A person&#8217;s identity, and the process of sharing that identity, is elemental to all human relationships. For people whose gender and\/or sexual identity falls outside of a scripted heterosexual, cisgender blueprint, when, how, where, and with whom to share that identity is a constant question. The first time that a person shares their gender or sexual identity can have elements of both beauty and pain and LGBTQ+ people&#8217;s experiences range all along that spectrum. The years that follow require them to continue to come out in new personal and professional contexts and also offer a range of beautiful and painful moments. This 90 minute session considers the peace and conflict, both interpersonal and intrapersonal, that coming out elicits. It&#8217;s designed for people who have intimate experiences with coming out, for people who would like to support others who come out, and for people who are trying to more deeply understand what coming out means in 2021.<\/span><\/p>\n<h4><\/h4>\n<p><iframe loading=\"lazy\" title=\"The Conflict of Coming Out (and coming out again and again and again) with Dr. Karen Rayne\" width=\"500\" height=\"281\" src=\"https:\/\/www.youtube.com\/embed\/qYB8WgAg0xA?feature=oembed\" frameborder=\"0\" allow=\"accelerometer; autoplay; clipboard-write; encrypted-media; gyroscope; picture-in-picture; web-share\" referrerpolicy=\"strict-origin-when-cross-origin\" allowfullscreen><\/iframe><\/p>\n<p>&nbsp;<\/p>\n","background":"Color","background_color":"#FFFFFF","background_gradient":{"gradient_start":"","gradient_end":""},"background_image":false,"text_mode":"dark","id":""},{"acf_fc_layout":"two_columns","heading":"About Karen Rayne","column_1":"<p><img loading=\"lazy\" decoding=\"async\" class=\"aligncenter wp-image-1419 size-full\" src=\"https:\/\/liberalarts.austincc.edu\/peace-conflict-studies\/wp-content\/uploads\/sites\/7\/2021\/10\/Karen-Rayne-2021w.jpg\" alt=\"Karen Rayne\" width=\"1633\" height=\"1633\" \/><\/p>\n","column_2":"<p><span style=\"font-weight: 400\">Dr. Karen Rayne has worked in education for the past two decades with a speciality in sexuality education across the lifespan. <\/span><span style=\"font-weight: 400\">She is the founder and executive director of UN|HUSHED, where she writes and edits books and lifespan comprehensive sexuality curricula, trains sexuality educators, and builds collaborative coalitions. She is also an Assistant Professor of Instruction at The University of Texas. Karen has worked with local, national, and international organizations. Her recent books and curricula include <\/span><i><span style=\"font-weight: 400\">TRANS+: Love, Sex, Romance, and Being You<\/span><\/i><span style=\"font-weight: 400\">, <\/span><i><span style=\"font-weight: 400\">An Introduction to Sexuality Education: A Handbook for Child Welfare Providers<\/span><\/i><span style=\"font-weight: 400\">, and <\/span><i><span style=\"font-weight: 400\">UN|HUSHED: The Elementary Curriculum<\/span><\/i><span style=\"font-weight: 400\">.<\/span><\/p>\n","background":"Color","background_color":"#638dc9","background_gradient":{"gradient_start":"","gradient_end":""},"background_image":false,"text_mode":"light","id":""},{"acf_fc_layout":"one_column","heading":"Thursday, December 2, 2021","column_1":"<h2><b>Communicating for Relationship Wins with Dr. Duana Welch<\/b><\/h2>\n<h3><strong>12:00 \u2013 1:30 PM<\/strong><\/h3>\n<p><span style=\"font-weight: 400\">Everybody knows the secret to a happy relationship is effective communication\u2014but what is that? This webinar presents not only the research-proven strategies for great communication, but also gets into what problems can be resolved; why nobody\u2014even the happiest couples\u2014has a problem-free relationship; and how to thrive with permanent differences. Additionally, we\u2019ll discuss communication tips and pitfalls in early dating. Should you send that text? Attend this webinar and see!<\/span><\/p>\n<h4><\/h4>\n<p><iframe loading=\"lazy\" title=\"Communicating for Relationship Wins with Dr. Duana Welch\" width=\"500\" height=\"281\" src=\"https:\/\/www.youtube.com\/embed\/_zI7LaitkCo?feature=oembed\" frameborder=\"0\" allow=\"accelerometer; autoplay; clipboard-write; encrypted-media; gyroscope; picture-in-picture; web-share\" referrerpolicy=\"strict-origin-when-cross-origin\" allowfullscreen><\/iframe><\/p>\n<p>&nbsp;<\/p>\n","background":"Color","background_color":"#FFFFFF","background_gradient":{"gradient_start":"","gradient_end":""},"background_image":false,"text_mode":"dark","id":""},{"acf_fc_layout":"two_columns","heading":"About Duana Welch","column_1":"<p><img loading=\"lazy\" decoding=\"async\" class=\"size-full wp-image-1421 aligncenter\" src=\"https:\/\/liberalarts.austincc.edu\/peace-conflict-studies\/wp-content\/uploads\/sites\/7\/2021\/10\/Duana-Welch4.jpg\" alt=\"Duana-Welch\" width=\"2405\" height=\"2405\" \/><\/p>\n","column_2":"<p><span style=\"font-weight: 400\">Dr. Duana Welch (pronounced DWAY-nah) is author of the Love Factually books, known for using social science to solve real-life relationship issues. She taught psychology across 20 years at the University of Florida; Cal State Fullerton; St. Edwards University; Southwestern University; and Austin Community College. Her teaching garnered awards at Cal State (Professor of the Year, 2000 and 2001) and ACC (NISOD and Outstanding Service Award, both 2012). She has contributed to NPR, PBS, Psychology Today, and numerous other outlets, podcasts, and videos. Her books are now out globally in five languages; all rely on science rather than opinion to help men and women of any age, sexual, or gender orientation find and keep the right partner. Her client practice is global, via Zoom and other technologies.<\/span><\/p>\n<p>&nbsp;<\/p>\n","background":"Color","background_color":"#638dc9","background_gradient":{"gradient_start":"","gradient_end":""},"background_image":false,"text_mode":"light","id":""},{"acf_fc_layout":"one_column","heading":"","column_1":"<h2><strong><span style=\"color: #000080\">Spring 2022<\/span><\/strong><\/h2>\n","background":"Color","background_color":"#FFFFFF","background_gradient":{"gradient_start":"","gradient_end":""},"background_image":false,"text_mode":"dark","id":""},{"acf_fc_layout":"one_column","heading":"Thursday, January 27, 2022","column_1":"<h2><b>The Hard Questions: When and How to Ask and Answer to Find Healthy Love with Dr. Duana Welch<\/b><\/h2>\n<h3><strong>12:00 \u2013 1:30 PM<\/strong><\/h3>\n<p><span style=\"font-weight: 400\">Many relationships end years in over issues that were present from their first meeting. Why? When\u2019s the right time to ask\u2014and how can you frame your questions to get to the heart of the matter without putting off your partner? What if they ask you, too\u2014how can you reveal the truth without going too far? This webinar will address it all!<\/span><\/p>\n<h4><\/h4>\n<p><iframe loading=\"lazy\" title=\"Peace in Relationships: The Hard Questions with Dr. Duana Welch\" width=\"500\" height=\"281\" src=\"https:\/\/www.youtube.com\/embed\/fMAnNwk2C28?feature=oembed\" frameborder=\"0\" allow=\"accelerometer; autoplay; clipboard-write; encrypted-media; gyroscope; picture-in-picture; web-share\" referrerpolicy=\"strict-origin-when-cross-origin\" allowfullscreen><\/iframe><\/p>\n<p>&nbsp;<\/p>\n","background":"Color","background_color":"#FFFFFF","background_gradient":{"gradient_start":"","gradient_end":""},"background_image":false,"text_mode":"dark","id":""},{"acf_fc_layout":"one_column","heading":"Thursday, February 24, 2022","column_1":"<h2><b>Polysecure: Attachment, Trauma, and Consensual Nonmonogamy with Jessica Fern, M.S.\u00a0<\/b><\/h2>\n<h3><strong>12:00 \u2013 1:30 PM<\/strong><\/h3>\n<p><span style=\"font-weight: 400\">It\u2019s difficult to talk about relationships these days without the topic of Attachment Styles coming up. The research on love and relationships consistently finds that understanding our attachment style can be an important part of creating healthy and fulfilling relationships, but how this applies to non-monogamous relationships can be unclear and even confusing. Since the majority of the resources and advice on how to create securely attached romantic relationships rely heavily on mono-normative behaviors and hierarchical relationship structures, non-monogamous folks are often at a loss on how to create secure functioning with their multiple partners.<\/span><\/p>\n<p><span style=\"font-weight: 400\">In this talk Jessica will present on:<\/span><\/p>\n<ul>\n<li style=\"font-weight: 400\"><span style=\"font-weight: 400\">An overview of the different attachment styles.<\/span><\/li>\n<li style=\"font-weight: 400\"><span style=\"font-weight: 400\">The potential attachment challenges that arise from opening up and the importance of being Polysecure.<\/span><\/li>\n<li style=\"font-weight: 400\"><span style=\"font-weight: 400\">How jealousy can sometimes be a symptom of primal attachment panic or partners relating in insecure ways versus &#8220;your individual jealousy problem.&#8221;<\/span><\/li>\n<li style=\"font-weight: 400\"><span style=\"font-weight: 400\">The different relationship skills for cultivating Secure Attachment with your partners and Secure Attachment with Self.<\/span><\/li>\n<\/ul>\n<p><iframe loading=\"lazy\" title=\"Peace in Relationships: Polysecure: Attachment, Trauma, &amp; Consensual Nonmonogamy with Jessica Fern\" width=\"500\" height=\"281\" src=\"https:\/\/www.youtube.com\/embed\/9j3S4Auiasg?feature=oembed\" frameborder=\"0\" allow=\"accelerometer; autoplay; clipboard-write; encrypted-media; gyroscope; picture-in-picture; web-share\" referrerpolicy=\"strict-origin-when-cross-origin\" allowfullscreen><\/iframe><\/p>\n","background":"Color","background_color":"#FFFFFF","background_gradient":{"gradient_start":"","gradient_end":""},"background_image":false,"text_mode":"dark","id":""},{"acf_fc_layout":"two_columns","heading":"About Jessica Fern","column_1":"<p><img loading=\"lazy\" decoding=\"async\" class=\"alignnone size-full wp-image-1425\" src=\"https:\/\/liberalarts.austincc.edu\/peace-conflict-studies\/wp-content\/uploads\/sites\/7\/2021\/10\/JESSICA-FERN-8311-web.jpg\" alt=\"JESSICA FERN\" width=\"1467\" height=\"1467\" \/><\/p>\n","column_2":"<p><span style=\"font-weight: 400\">Jessica Fern is a Psychotherapist, Certified Clinical Trauma Professional, and author of the book Polysecure: Attachment, Trauma, and NonMonomgamy. In her international private practice, Jessica works with individuals, couples, and people in multiple-partner relationships who no longer want to be limited by their reactive patterns, cultural conditioning, insecure attachment styles, and past traumas, helping them to embody new possibilities in life and love. Learn more at JessicaFern.com.<\/span><\/p>\n","background":"Color","background_color":"#638dc9","background_gradient":{"gradient_start":"","gradient_end":""},"background_image":false,"text_mode":"light","id":""},{"acf_fc_layout":"one_column","heading":"Thursday, March 31, 2022","column_1":"<h2><b>Good Grief: How to heal from heartbreak and learn to love again<br \/>\nwith Dr. Duana Welch<\/b><\/h2>\n<h3><strong>12:00 \u2013 1:30 PM<\/strong><\/h3>\n<p><span style=\"font-weight: 400\">Loss: it\u2019s a human universal. People lose partners to many things other than death, and heartbreak is real and can be physically dangerous. Are you recovering from betrayal? Trying to discern whether to stick with the partner who has hurt you? Have you left, only to endlessly torment yourself with What Ifs? If you\u2019ve ever struggled with whether, when, and how to let go, this webinar is must-see. <\/span><\/p>\n<h4><a href=\"https:\/\/austincc.zoom.us\/meeting\/register\/tJUkce2qqTMqHtMilmKsQt6fsPp0rekwpCpO\"><strong>Register for Zoom Meeting<\/strong><\/a><\/h4>\n","background":"Color","background_color":"#FFFFFF","background_gradient":{"gradient_start":"","gradient_end":""},"background_image":false,"text_mode":"dark","id":""},{"acf_fc_layout":"one_column","heading":"Thursday, April 28, 2022","column_1":"<h2><b>Mapping Your Nervous System with PolyVagal Theory<br \/>\nwith Jessica Fern, M.S.<\/b><\/h2>\n<h3><strong>12:00 \u2013 1:30 PM<\/strong><\/h3>\n<p><span style=\"font-weight: 400\">Polyvagal Theory is a revolutionary approach to understanding our biological and psychological need for safety, and how the body&#8217;s threat response easily gets in the way of feeling connected and secure in our relationships.<\/span><\/p>\n<p><span style=\"font-weight: 400\">In this talk, Jessica will:<\/span><\/p>\n<ul>\n<li style=\"font-weight: 400\"><span style=\"font-weight: 400\">Give an overview of Polyvagal Theory<\/span><\/li>\n<li style=\"font-weight: 400\"><span style=\"font-weight: 400\">Walk you through the three different autonomic nervous system states<\/span><\/li>\n<li style=\"font-weight: 400\"><span style=\"font-weight: 400\">Guide you through mapping your own nervous system<\/span><\/li>\n<li style=\"font-weight: 400\"><span style=\"font-weight: 400\">Offer tools for how to intervene when you&#8217;re in fight\/flight\/freeze as well as how to better cultivate your Social Engagement System.<\/span><\/li>\n<\/ul>\n<h4><a href=\"https:\/\/austincc.zoom.us\/meeting\/register\/tJ0rc-GgrjIqGdewPoPqgB_XXnTLzWKBTFsq\"><strong>Register for Zoom Meeting<\/strong><\/a><\/h4>\n","background":"Color","background_color":"#FFFFFF","background_gradient":{"gradient_start":"","gradient_end":""},"background_image":false,"text_mode":"dark","id":""},{"acf_fc_layout":"one_column","heading":"","column_1":"<h2><\/h2>\n<h2 style=\"text-align: center\"><strong>Sign up to follow <em>Peace in Relationships<\/em> Series events!<\/strong>\u00a0 \u00a0 \u00a0 \u00a0<strong><a class=\"button\" href=\"http:\/\/eepurl.com\/heJRGT\">Newsletter<\/a><\/strong><\/h2>\n","background":"Color","background_color":"#638dc9","background_gradient":{"gradient_start":"","gradient_end":""},"background_image":false,"text_mode":"light","id":""},{"acf_fc_layout":"one_column","heading":"","column_1":"<h3><strong>If you or a loved one need resources in the Austin-area, please check out the information below:<\/strong><\/h3>\n<div>\n<div>\n<div>\n<div>You are not alone. SAFE is an Austin nonprofit dedicated to stopping abuse for everyone. During this period of shelter-in-place,<strong>\u00a0<u><a href=\"http:\/\/www.safeaustin.org\/\" target=\"_blank\" rel=\"noopener noreferrer\" data-saferedirecturl=\"https:\/\/www.google.com\/url?q=http:\/\/www.safeaustin.org\/&amp;source=gmail&amp;ust=1588786269327000&amp;usg=AFQjCNE69OWmFCKQhqFcFxxK3wRURD-x0A\">SAFE<\/a><\/u>\u00a0<\/strong>knows that home is not a safe place for everyone. If you are or someone you know is in immediate danger, please call or text 911. If you are concerned that you or someone you know may be experiencing violence or abuse, please call, chat or text the 24\/7, free &amp; confidential SAFEline. Our SAFEline advocates can help you assess the level of danger, create a safety plan, discuss ways to help someone you know, or just talk.<\/div>\n<\/div>\n<\/div>\n<\/div>\n<p>&nbsp;<\/p>\n<div><\/div>\n<div>\n<h4><b><u><a href=\"http:\/\/www.safeaustin.org%7C\/\" target=\"_blank\" rel=\"noopener noreferrer\" data-saferedirecturl=\"https:\/\/www.google.com\/url?q=http:\/\/www.safeaustin.org%257C\/&amp;source=gmail&amp;ust=1588786269327000&amp;usg=AFQjCNHMwnbhNJpEuaEAoi_bxGjp8Lszpw\">www.safeaustin.org<\/a><\/u><\/b><\/h4>\n<h4><b>24-hr SAFEline \u2013 Call: 512.267.SAFE (7233) | Text: 737.888.SAFE (7233) |\u00a0<u><a href=\"https:\/\/secure.livechatinc.com\/licence\/8371161\/v2\/open_chat.cgi?groups=0\" target=\"_blank\" rel=\"noopener noreferrer\" data-saferedirecturl=\"https:\/\/www.google.com\/url?q=https:\/\/secure.livechatinc.com\/licence\/8371161\/v2\/open_chat.cgi?groups%3D0&amp;source=gmail&amp;ust=1588786269327000&amp;usg=AFQjCNGLP0WeAV9xaeZJshj3NTI5ZUg43w\">SAFEline chat<\/a><\/u><\/b><\/h4>\n<\/div>\n<p>&nbsp;<\/p>\n<div><\/div>\n<div>No est\u00e1 solo.\u00a0<strong><u><a href=\"http:\/\/www.safeaustin.org\/\" target=\"_blank\" rel=\"noopener noreferrer\" data-saferedirecturl=\"https:\/\/www.google.com\/url?q=http:\/\/www.safeaustin.org\/&amp;source=gmail&amp;ust=1588786269327000&amp;usg=AFQjCNE69OWmFCKQhqFcFxxK3wRURD-x0A\">SAFE<\/a>\u00a0<\/u><\/strong><span lang=\"ES\">es una organizaci\u00f3n cuyo objetivo es acabar con el abuso para todas las personas.\u00a0 Sabemos que\u00a0<\/span>la violencia suele aumentar en momentos como est\u00e9 de estr\u00e9s y aislamiento.<\/div>\n<div>\n<div>\n<div>\n<div>Si Ud o alguien que conoce se encuentra en peligro inmediato, llame o env\u00ede un mensaje de texto al 911. Si Ud o alguien que conoce est\u00e1 sufriendo violencia o abuso, o si necesita ayuda, comun\u00edquese con SAFE por nuestra l\u00ednea\u00a0confidencial\u00a0SAFEline. Nuestros\u00a0<span lang=\"ES\">trabajadores de apoyo<\/span>\u00a0en SAFEline\u00a0<span lang=\"ES\">pueden ayudarle a evaluar el nivel de peligro, crear un plan de seguridad, discutir maneras en que puede ayudar a alguien que conoce, o s\u00f3lo platicar.<\/span><\/div>\n<\/div>\n<\/div>\n<\/div>\n<div><\/div>\n<div><\/div>\n<div>\n<div>\n<div>\n<h4><b>SAFEline \u2013 tel\u00e9fono: 512.267.SAFE (7233) | env\u00ede un mensaje de texto al: 737.888.SAFE (7233) | chatee en:\u00a0<a href=\"https:\/\/secure.livechatinc.com\/licence\/8371161\/v2\/open_chat.cgi?groups=0\" target=\"_blank\" rel=\"noopener noreferrer\" data-saferedirecturl=\"https:\/\/www.google.com\/url?q=https:\/\/secure.livechatinc.com\/licence\/8371161\/v2\/open_chat.cgi?groups%3D0&amp;source=gmail&amp;ust=1588786269327000&amp;usg=AFQjCNGLP0WeAV9xaeZJshj3NTI5ZUg43w\">safeaustin.org \/chat<\/a><\/b><\/h4>\n<\/div>\n<\/div>\n<\/div>\n","background":"Color","background_color":"#c1d82f","background_gradient":{"gradient_start":"","gradient_end":""},"background_image":false,"text_mode":"dark","id":""}],"hero_content":[{"acf_fc_layout":"image","image_content":{"ID":2391,"id":2391,"title":"peace-in-relationships","filename":"peace-in-relationships.png","filesize":145685,"url":"https:\/\/i0.wp.com\/liberalarts.austincc.edu\/center-peace-conflict-studies\/wp-content\/uploads\/sites\/13\/2022\/09\/peace-in-relationships.png?fit=4098%2C1500&ssl=1","link":"https:\/\/liberalarts.austincc.edu\/center-peace-conflict-studies\/peace-in-relationships-2021-2022-series\/peace-in-relationships\/","alt":"peace in relationships","author":"10","description":"peace in relationships","caption":"","name":"peace-in-relationships","status":"inherit","uploaded_to":2375,"date":"2022-09-02 23:07:11","modified":"2022-09-02 23:07:32","menu_order":0,"mime_type":"image\/png","type":"image","subtype":"png","icon":"https:\/\/liberalarts.austincc.edu\/center-peace-conflict-studies\/wp-includes\/images\/media\/default.png","width":4098,"height":1500,"sizes":{"thumbnail":"https:\/\/i0.wp.com\/liberalarts.austincc.edu\/center-peace-conflict-studies\/wp-content\/uploads\/sites\/13\/2022\/09\/peace-in-relationships.png?resize=150%2C150&ssl=1","thumbnail-width":150,"thumbnail-height":150,"medium":"https:\/\/i0.wp.com\/liberalarts.austincc.edu\/center-peace-conflict-studies\/wp-content\/uploads\/sites\/13\/2022\/09\/peace-in-relationships.png?fit=300%2C110&ssl=1","medium-width":300,"medium-height":110,"medium_large":"https:\/\/i0.wp.com\/liberalarts.austincc.edu\/center-peace-conflict-studies\/wp-content\/uploads\/sites\/13\/2022\/09\/peace-in-relationships.png?fit=768%2C281&ssl=1","medium_large-width":768,"medium_large-height":281,"large":"https:\/\/i0.wp.com\/liberalarts.austincc.edu\/center-peace-conflict-studies\/wp-content\/uploads\/sites\/13\/2022\/09\/peace-in-relationships.png?fit=1024%2C375&ssl=1","large-width":1024,"large-height":375,"1536x1536":"https:\/\/i0.wp.com\/liberalarts.austincc.edu\/center-peace-conflict-studies\/wp-content\/uploads\/sites\/13\/2022\/09\/peace-in-relationships.png?fit=1536%2C562&ssl=1","1536x1536-width":1536,"1536x1536-height":562,"2048x2048":"https:\/\/i0.wp.com\/liberalarts.austincc.edu\/center-peace-conflict-studies\/wp-content\/uploads\/sites\/13\/2022\/09\/peace-in-relationships.png?fit=2048%2C750&ssl=1","2048x2048-width":2048,"2048x2048-height":750}},"image_description":"","readability":["true"]}],"sidekick":""},"jetpack_sharing_enabled":true,"_links":{"self":[{"href":"https:\/\/liberalarts.austincc.edu\/center-peace-conflict-studies\/wp-json\/wp\/v2\/pages\/2375","targetHints":{"allow":["GET"]}}],"collection":[{"href":"https:\/\/liberalarts.austincc.edu\/center-peace-conflict-studies\/wp-json\/wp\/v2\/pages"}],"about":[{"href":"https:\/\/liberalarts.austincc.edu\/center-peace-conflict-studies\/wp-json\/wp\/v2\/types\/page"}],"author":[{"embeddable":true,"href":"https:\/\/liberalarts.austincc.edu\/center-peace-conflict-studies\/wp-json\/wp\/v2\/users\/10"}],"replies":[{"embeddable":true,"href":"https:\/\/liberalarts.austincc.edu\/center-peace-conflict-studies\/wp-json\/wp\/v2\/comments?post=2375"}],"version-history":[{"count":0,"href":"https:\/\/liberalarts.austincc.edu\/center-peace-conflict-studies\/wp-json\/wp\/v2\/pages\/2375\/revisions"}],"wp:attachment":[{"href":"https:\/\/liberalarts.austincc.edu\/center-peace-conflict-studies\/wp-json\/wp\/v2\/media?parent=2375"}],"curies":[{"name":"wp","href":"https:\/\/api.w.org\/{rel}","templated":true}]}}